{"id":821,"date":"2024-08-18T22:59:27","date_gmt":"2024-08-18T22:59:27","guid":{"rendered":"https:\/\/digitalmunich.com\/?page_id=821"},"modified":"2024-08-23T09:49:31","modified_gmt":"2024-08-23T09:49:31","slug":"gandharan-schaetze","status":"publish","type":"page","link":"https:\/\/digitalmunich.com\/de\/dienstleistungen\/mixed-reality-loesungen\/gandharan-schaetze\/","title":{"rendered":"Gandharan Sch\u00e4tze"},"content":{"rendered":"\t\t<div data-elementor-type=\"wp-page\" data-elementor-id=\"821\" class=\"elementor elementor-821 elementor-820\" data-elementor-post-type=\"page\">\n\t\t\t\t<div class=\"elementor-element elementor-element-11a4d850 e-con-full e-flex elementor-invisible e-con e-parent\" data-id=\"11a4d850\" data-element_type=\"container\" data-settings=\"{&quot;background_background&quot;:&quot;classic&quot;,&quot;animation&quot;:&quot;fadeIn&quot;}\">\n\t\t<div class=\"elementor-element elementor-element-2461baf2 e-con-full e-flex e-con e-child\" data-id=\"2461baf2\" data-element_type=\"container\">\n\t\t\t\t<div class=\"elementor-element elementor-element-6c7235f5 elementor-invisible elementor-widget elementor-widget-heading\" data-id=\"6c7235f5\" data-element_type=\"widget\" data-settings=\"{&quot;_animation&quot;:&quot;fadeInDown&quot;}\" data-widget_type=\"heading.default\">\n\t\t\t\t<div class=\"elementor-widget-container\">\n\t\t\t<style>\/*! elementor - v3.23.0 - 05-08-2024 *\/\n.elementor-heading-title{padding:0;margin:0;line-height:1}.elementor-widget-heading .elementor-heading-title[class*=elementor-size-]>a{color:inherit;font-size:inherit;line-height:inherit}.elementor-widget-heading .elementor-heading-title.elementor-size-small{font-size:15px}.elementor-widget-heading .elementor-heading-title.elementor-size-medium{font-size:19px}.elementor-widget-heading .elementor-heading-title.elementor-size-large{font-size:29px}.elementor-widget-heading .elementor-heading-title.elementor-size-xl{font-size:39px}.elementor-widget-heading .elementor-heading-title.elementor-size-xxl{font-size:59px}<\/style><h1 class=\"elementor-heading-title elementor-size-default\">Gandharan Sch\u00e4tze<\/h1>\t\t<\/div>\n\t\t\t\t<\/div>\n\t\t\t\t<div class=\"elementor-element elementor-element-59a208f9 elementor-invisible elementor-widget elementor-widget-text-editor\" data-id=\"59a208f9\" data-element_type=\"widget\" data-settings=\"{&quot;_animation&quot;:&quot;fadeInUp&quot;}\" data-widget_type=\"text-editor.default\">\n\t\t\t\t<div class=\"elementor-widget-container\">\n\t\t\t<style>\/*! elementor - v3.23.0 - 05-08-2024 *\/\n.elementor-widget-text-editor.elementor-drop-cap-view-stacked .elementor-drop-cap{background-color:#69727d;color:#fff}.elementor-widget-text-editor.elementor-drop-cap-view-framed .elementor-drop-cap{color:#69727d;border:3px solid;background-color:transparent}.elementor-widget-text-editor:not(.elementor-drop-cap-view-default) .elementor-drop-cap{margin-top:8px}.elementor-widget-text-editor:not(.elementor-drop-cap-view-default) .elementor-drop-cap-letter{width:1em;height:1em}.elementor-widget-text-editor .elementor-drop-cap{float:left;text-align:center;line-height:1;font-size:50px}.elementor-widget-text-editor .elementor-drop-cap-letter{display:inline-block}<\/style>\t\t\t\t<p>Digital Munich entwickelte die Gandharan Treasures App f\u00fcr die pakistanische Botschaft in Berlin, um zeitlose Kunst zum Leben zu erwecken und den regionalen Tourismus durch Augmented Reality zu f\u00f6rdern.<\/p>\t\t\t\t\t\t<\/div>\n\t\t\t\t<\/div>\n\t\t\t\t<\/div>\n\t\t\t\t<\/div>\n\t\t<div class=\"elementor-element elementor-element-24c843ed e-flex e-con-boxed e-con e-parent\" data-id=\"24c843ed\" data-element_type=\"container\">\n\t\t\t\t\t<div class=\"e-con-inner\">\n\t\t<div class=\"elementor-element elementor-element-a4658d7 e-con-full e-flex e-con e-child\" data-id=\"a4658d7\" data-element_type=\"container\">\n\t\t<div class=\"elementor-element elementor-element-52ae439f e-flex e-con-boxed e-con e-child\" data-id=\"52ae439f\" data-element_type=\"container\">\n\t\t\t\t\t<div class=\"e-con-inner\">\n\t\t<div class=\"elementor-element elementor-element-7f844f58 e-con-full e-flex e-con e-child\" data-id=\"7f844f58\" data-element_type=\"container\">\n\t\t\t\t<div class=\"elementor-element elementor-element-200e84a5 elementor-widget-mobile__width-inherit elementor-invisible elementor-widget elementor-widget-image\" data-id=\"200e84a5\" data-element_type=\"widget\" data-settings=\"{&quot;_animation&quot;:&quot;fadeInUp&quot;}\" data-widget_type=\"image.default\">\n\t\t\t\t<div class=\"elementor-widget-container\">\n\t\t\t<style>\/*! elementor - v3.23.0 - 05-08-2024 *\/\n.elementor-widget-image{text-align:center}.elementor-widget-image a{display:inline-block}.elementor-widget-image a img[src$=\".svg\"]{width:48px}.elementor-widget-image img{vertical-align:middle;display:inline-block}<\/style>\t\t\t\t\t\t\t\t\t\t<img fetchpriority=\"high\" decoding=\"async\" width=\"1216\" height=\"832\" src=\"https:\/\/digitalmunich.com\/wp-content\/uploads\/2024\/08\/gandharan-final.jpeg\" class=\"attachment-full size-full wp-image-836\" alt=\"\" srcset=\"https:\/\/digitalmunich.com\/wp-content\/uploads\/2024\/08\/gandharan-final.jpeg 1216w, https:\/\/digitalmunich.com\/wp-content\/uploads\/2024\/08\/gandharan-final-300x205.jpeg 300w, https:\/\/digitalmunich.com\/wp-content\/uploads\/2024\/08\/gandharan-final-1024x701.jpeg 1024w, https:\/\/digitalmunich.com\/wp-content\/uploads\/2024\/08\/gandharan-final-768x525.jpeg 768w\" sizes=\"(max-width: 1216px) 100vw, 1216px\" \/>\t\t\t\t\t\t\t\t\t\t\t\t\t<\/div>\n\t\t\t\t<\/div>\n\t\t\t\t<\/div>\n\t\t<div class=\"elementor-element elementor-element-168abe12 e-flex e-con-boxed e-con e-child\" data-id=\"168abe12\" data-element_type=\"container\">\n\t\t\t\t\t<div class=\"e-con-inner\">\n\t\t\t\t<div class=\"elementor-element elementor-element-19790ec3 elementor-widget-mobile__width-inherit elementor-invisible elementor-widget elementor-widget-text-editor\" data-id=\"19790ec3\" data-element_type=\"widget\" data-settings=\"{&quot;_animation&quot;:&quot;fadeInUp&quot;}\" data-widget_type=\"text-editor.default\">\n\t\t\t\t<div class=\"elementor-widget-container\">\n\t\t\t\t\t\t\t<p>Gandhara-Kunst ist ein wesentlicher Bestandteil des kulturellen Erbes Pakistans. Ihre physischen \u00dcberreste sind jedoch oft schwer zug\u00e4nglich und \u00fcber abgelegene arch\u00e4ologische St\u00e4tten und Museen verstreut.<\/p><p>Um die Gandhara-Kunst zug\u00e4nglicher zu machen, hat die pakistanische Botschaft in Berlin mit Digital Munich zusammengearbeitet, um eine Augmented-Reality-Erfahrung zu schaffen. Diese App, Teil einer umfassenderen digitalen Tourismusinitiative, erweckt die komplexen Skulpturen und die Architektur der Gandhara-Zivilisation zum Leben und erm\u00f6glicht es einem globalen Publikum, diese antiken Meisterwerke in einem immersiven Format zu erkunden.<\/p><p>Die Augmented-Reality-App, die auf internationalen Veranstaltungen wie der ITB Berlin vorgestellt wird, f\u00f6rdert die reiche Geschichte Pakistans und erh\u00f6ht dessen Sichtbarkeit als kulturelles Touristenziel. Diese Initiative hilft, die Kluft zwischen Vergangenheit und Gegenwart zu \u00fcberbr\u00fccken, f\u00f6rdert den kulturellen Austausch und unterst\u00fctzt das Wachstum des Tourismussektors in Pakistan.<\/p>\t\t\t\t\t\t<\/div>\n\t\t\t\t<\/div>\n\t\t\t\t\t<\/div>\n\t\t\t\t<\/div>\n\t\t\t\t\t<\/div>\n\t\t\t\t<\/div>\n\t\t\t\t<\/div>\n\t\t\t\t\t<\/div>\n\t\t\t\t<\/div>\n\t\t<div class=\"elementor-element elementor-element-239248d e-flex e-con-boxed e-con e-parent\" data-id=\"239248d\" data-element_type=\"container\">\n\t\t\t\t\t<div class=\"e-con-inner\">\n\t\t<div class=\"elementor-element elementor-element-2458a20 e-con-full e-flex e-con e-child\" data-id=\"2458a20\" data-element_type=\"container\">\n\t\t<div class=\"elementor-element elementor-element-74b820a e-con-full e-flex e-con e-child\" data-id=\"74b820a\" data-element_type=\"container\">\n\t\t\t\t<\/div>\n\t\t<div class=\"elementor-element elementor-element-9635358 e-con-full e-flex e-con e-child\" data-id=\"9635358\" data-element_type=\"container\" data-settings=\"{&quot;background_background&quot;:&quot;classic&quot;}\">\n\t\t\t\t<div class=\"elementor-element elementor-element-d547506 elementor-widget elementor-widget-text-editor\" data-id=\"d547506\" data-element_type=\"widget\" data-widget_type=\"text-editor.default\">\n\t\t\t\t<div class=\"elementor-widget-container\">\n\t\t\t\t\t\t\t<blockquote><h4><b>&#8222;Ich danke Digital Munich von ganzem Herzen f\u00fcr ihren unsch\u00e4tzbaren Beitrag zur Schaffung dieser Tourismus-Ecke f\u00fcr Pakistan. Ihr Einsatz an Zeit und Ressourcen hat ma\u00dfgeblich dazu beigetragen, dieses Projekt zu verwirklichen.&#8220;<\/b><\/h4><\/blockquote><blockquote><p>&#8211; Dr. Muhammad Faisal, Botschafter Pakistans in Deutschland<\/p><\/blockquote>\t\t\t\t\t\t<\/div>\n\t\t\t\t<\/div>\n\t\t\t\t<\/div>\n\t\t<div class=\"elementor-element elementor-element-088cde9 e-con-full e-flex e-con e-child\" data-id=\"088cde9\" data-element_type=\"container\">\n\t\t\t\t<\/div>\n\t\t\t\t<\/div>\n\t\t\t\t\t<\/div>\n\t\t\t\t<\/div>\n\t\t<div class=\"elementor-element elementor-element-e1742c9 e-flex e-con-boxed e-con e-parent\" data-id=\"e1742c9\" data-element_type=\"container\">\n\t\t\t\t\t<div class=\"e-con-inner\">\n\t\t\t\t<div class=\"elementor-element elementor-element-bf5a8b8 elementor-widget-divider--view-line elementor-widget elementor-widget-divider\" data-id=\"bf5a8b8\" data-element_type=\"widget\" data-widget_type=\"divider.default\">\n\t\t\t\t<div class=\"elementor-widget-container\">\n\t\t\t<style>\/*! elementor - v3.23.0 - 05-08-2024 *\/\n.elementor-widget-divider{--divider-border-style:none;--divider-border-width:1px;--divider-color:#0c0d0e;--divider-icon-size:20px;--divider-element-spacing:10px;--divider-pattern-height:24px;--divider-pattern-size:20px;--divider-pattern-url:none;--divider-pattern-repeat:repeat-x}.elementor-widget-divider .elementor-divider{display:flex}.elementor-widget-divider .elementor-divider__text{font-size:15px;line-height:1;max-width:95%}.elementor-widget-divider .elementor-divider__element{margin:0 var(--divider-element-spacing);flex-shrink:0}.elementor-widget-divider .elementor-icon{font-size:var(--divider-icon-size)}.elementor-widget-divider .elementor-divider-separator{display:flex;margin:0;direction:ltr}.elementor-widget-divider--view-line_icon .elementor-divider-separator,.elementor-widget-divider--view-line_text .elementor-divider-separator{align-items:center}.elementor-widget-divider--view-line_icon .elementor-divider-separator:after,.elementor-widget-divider--view-line_icon .elementor-divider-separator:before,.elementor-widget-divider--view-line_text .elementor-divider-separator:after,.elementor-widget-divider--view-line_text .elementor-divider-separator:before{display:block;content:\"\";border-block-end:0;flex-grow:1;border-block-start:var(--divider-border-width) var(--divider-border-style) var(--divider-color)}.elementor-widget-divider--element-align-left .elementor-divider .elementor-divider-separator>.elementor-divider__svg:first-of-type{flex-grow:0;flex-shrink:100}.elementor-widget-divider--element-align-left .elementor-divider-separator:before{content:none}.elementor-widget-divider--element-align-left .elementor-divider__element{margin-left:0}.elementor-widget-divider--element-align-right .elementor-divider .elementor-divider-separator>.elementor-divider__svg:last-of-type{flex-grow:0;flex-shrink:100}.elementor-widget-divider--element-align-right .elementor-divider-separator:after{content:none}.elementor-widget-divider--element-align-right .elementor-divider__element{margin-right:0}.elementor-widget-divider--element-align-start .elementor-divider .elementor-divider-separator>.elementor-divider__svg:first-of-type{flex-grow:0;flex-shrink:100}.elementor-widget-divider--element-align-start .elementor-divider-separator:before{content:none}.elementor-widget-divider--element-align-start .elementor-divider__element{margin-inline-start:0}.elementor-widget-divider--element-align-end .elementor-divider .elementor-divider-separator>.elementor-divider__svg:last-of-type{flex-grow:0;flex-shrink:100}.elementor-widget-divider--element-align-end .elementor-divider-separator:after{content:none}.elementor-widget-divider--element-align-end .elementor-divider__element{margin-inline-end:0}.elementor-widget-divider:not(.elementor-widget-divider--view-line_text):not(.elementor-widget-divider--view-line_icon) .elementor-divider-separator{border-block-start:var(--divider-border-width) var(--divider-border-style) var(--divider-color)}.elementor-widget-divider--separator-type-pattern{--divider-border-style:none}.elementor-widget-divider--separator-type-pattern.elementor-widget-divider--view-line .elementor-divider-separator,.elementor-widget-divider--separator-type-pattern:not(.elementor-widget-divider--view-line) .elementor-divider-separator:after,.elementor-widget-divider--separator-type-pattern:not(.elementor-widget-divider--view-line) .elementor-divider-separator:before,.elementor-widget-divider--separator-type-pattern:not([class*=elementor-widget-divider--view]) .elementor-divider-separator{width:100%;min-height:var(--divider-pattern-height);-webkit-mask-size:var(--divider-pattern-size) 100%;mask-size:var(--divider-pattern-size) 100%;-webkit-mask-repeat:var(--divider-pattern-repeat);mask-repeat:var(--divider-pattern-repeat);background-color:var(--divider-color);-webkit-mask-image:var(--divider-pattern-url);mask-image:var(--divider-pattern-url)}.elementor-widget-divider--no-spacing{--divider-pattern-size:auto}.elementor-widget-divider--bg-round{--divider-pattern-repeat:round}.rtl .elementor-widget-divider .elementor-divider__text{direction:rtl}.e-con-inner>.elementor-widget-divider,.e-con>.elementor-widget-divider{width:var(--container-widget-width,100%);--flex-grow:var(--container-widget-flex-grow)}<\/style>\t\t<div class=\"elementor-divider\">\n\t\t\t<span class=\"elementor-divider-separator\">\n\t\t\t\t\t\t<\/span>\n\t\t<\/div>\n\t\t\t\t<\/div>\n\t\t\t\t<\/div>\n\t\t\t\t\t<\/div>\n\t\t\t\t<\/div>\n\t\t\t\t<\/div>\n\t\t","protected":false},"excerpt":{"rendered":"<p>Gandharan Sch\u00e4tze Digital Munich entwickelte die Gandharan Treasures App f\u00fcr die pakistanische Botschaft in Berlin, um zeitlose Kunst zum Leben zu erwecken und den regionalen Tourismus durch Augmented Reality zu f\u00f6rdern. Gandhara-Kunst ist ein wesentlicher Bestandteil des kulturellen Erbes Pakistans. Ihre physischen \u00dcberreste sind jedoch oft schwer zug\u00e4nglich und \u00fcber abgelegene arch\u00e4ologische St\u00e4tten und Museen [&hellip;]<\/p>\n","protected":false},"author":4,"featured_media":0,"parent":381,"menu_order":0,"comment_status":"closed","ping_status":"closed","template":"","meta":{"ub_ctt_via":"","footnotes":""},"class_list":["post-821","page","type-page","status-publish","hentry"],"featured_image_src":null,"yoast_head":"<!-- This site is optimized with the Yoast SEO plugin v23.3 - https:\/\/yoast.com\/wordpress\/plugins\/seo\/ -->\n<title>Gandharan Sch\u00e4tze - Digital Munich<\/title>\n<meta name=\"robots\" content=\"index, follow, max-snippet:-1, max-image-preview:large, max-video-preview:-1\" \/>\n<link rel=\"canonical\" href=\"https:\/\/digitalmunich.com\/de\/dienstleistungen\/mixed-reality-loesungen\/gandharan-schaetze\/\" \/>\n<meta property=\"og:locale\" content=\"de_DE\" \/>\n<meta property=\"og:type\" content=\"article\" \/>\n<meta property=\"og:title\" content=\"Gandharan Sch\u00e4tze - Digital Munich\" \/>\n<meta property=\"og:description\" content=\"Gandharan Sch\u00e4tze Digital Munich entwickelte die Gandharan Treasures App f\u00fcr die pakistanische Botschaft in Berlin, um zeitlose Kunst zum Leben zu erwecken und den regionalen Tourismus durch Augmented Reality zu f\u00f6rdern. Gandhara-Kunst ist ein wesentlicher Bestandteil des kulturellen Erbes Pakistans. Ihre physischen \u00dcberreste sind jedoch oft schwer zug\u00e4nglich und \u00fcber abgelegene arch\u00e4ologische St\u00e4tten und Museen [&hellip;]\" \/>\n<meta property=\"og:url\" content=\"https:\/\/digitalmunich.com\/de\/dienstleistungen\/mixed-reality-loesungen\/gandharan-schaetze\/\" \/>\n<meta property=\"og:site_name\" content=\"Digital Munich\" \/>\n<meta property=\"article:modified_time\" content=\"2024-08-23T09:49:31+00:00\" \/>\n<meta property=\"og:image\" content=\"https:\/\/digitalmunich.com\/wp-content\/uploads\/2024\/08\/gandharan-final.jpeg\" \/>\n<meta name=\"twitter:card\" content=\"summary_large_image\" \/>\n<meta name=\"twitter:label1\" content=\"Gesch\u00e4tzte Lesezeit\" \/>\n\t<meta name=\"twitter:data1\" content=\"1\u00a0Minute\" \/>\n<script type=\"application\/ld+json\" class=\"yoast-schema-graph\">{\"@context\":\"https:\/\/schema.org\",\"@graph\":[{\"@type\":\"WebPage\",\"@id\":\"https:\/\/digitalmunich.com\/de\/dienstleistungen\/mixed-reality-loesungen\/gandharan-schaetze\/\",\"url\":\"https:\/\/digitalmunich.com\/de\/dienstleistungen\/mixed-reality-loesungen\/gandharan-schaetze\/\",\"name\":\"Gandharan Sch\u00e4tze - Digital Munich\",\"isPartOf\":{\"@id\":\"https:\/\/digitalmunich.com\/de\/#website\"},\"primaryImageOfPage\":{\"@id\":\"https:\/\/digitalmunich.com\/de\/dienstleistungen\/mixed-reality-loesungen\/gandharan-schaetze\/#primaryimage\"},\"image\":{\"@id\":\"https:\/\/digitalmunich.com\/de\/dienstleistungen\/mixed-reality-loesungen\/gandharan-schaetze\/#primaryimage\"},\"thumbnailUrl\":\"https:\/\/digitalmunich.com\/wp-content\/uploads\/2024\/08\/gandharan-final.jpeg\",\"datePublished\":\"2024-08-18T22:59:27+00:00\",\"dateModified\":\"2024-08-23T09:49:31+00:00\",\"breadcrumb\":{\"@id\":\"https:\/\/digitalmunich.com\/de\/dienstleistungen\/mixed-reality-loesungen\/gandharan-schaetze\/#breadcrumb\"},\"inLanguage\":\"de\",\"potentialAction\":[{\"@type\":\"ReadAction\",\"target\":[\"https:\/\/digitalmunich.com\/de\/dienstleistungen\/mixed-reality-loesungen\/gandharan-schaetze\/\"]}]},{\"@type\":\"ImageObject\",\"inLanguage\":\"de\",\"@id\":\"https:\/\/digitalmunich.com\/de\/dienstleistungen\/mixed-reality-loesungen\/gandharan-schaetze\/#primaryimage\",\"url\":\"https:\/\/digitalmunich.com\/wp-content\/uploads\/2024\/08\/gandharan-final.jpeg\",\"contentUrl\":\"https:\/\/digitalmunich.com\/wp-content\/uploads\/2024\/08\/gandharan-final.jpeg\"},{\"@type\":\"BreadcrumbList\",\"@id\":\"https:\/\/digitalmunich.com\/de\/dienstleistungen\/mixed-reality-loesungen\/gandharan-schaetze\/#breadcrumb\",\"itemListElement\":[{\"@type\":\"ListItem\",\"position\":1,\"name\":\"Home\",\"item\":\"https:\/\/digitalmunich.com\/de\/\"},{\"@type\":\"ListItem\",\"position\":2,\"name\":\"Dienstleistungen\",\"item\":\"https:\/\/digitalmunich.com\/de\/dienstleistungen\/\"},{\"@type\":\"ListItem\",\"position\":3,\"name\":\"Mixed-Reality-L\u00f6sungen\",\"item\":\"https:\/\/digitalmunich.com\/de\/services\/mixed-reality-solutions\/\"},{\"@type\":\"ListItem\",\"position\":4,\"name\":\"Gandharan Sch\u00e4tze\"}]},{\"@type\":\"WebSite\",\"@id\":\"https:\/\/digitalmunich.com\/de\/#website\",\"url\":\"https:\/\/digitalmunich.com\/de\/\",\"name\":\"Digital Munich\",\"description\":\"\",\"publisher\":{\"@id\":\"https:\/\/digitalmunich.com\/de\/#organization\"},\"potentialAction\":[{\"@type\":\"SearchAction\",\"target\":{\"@type\":\"EntryPoint\",\"urlTemplate\":\"https:\/\/digitalmunich.com\/de\/?s={search_term_string}\"},\"query-input\":\"required name=search_term_string\"}],\"inLanguage\":\"de\"},{\"@type\":\"Organization\",\"@id\":\"https:\/\/digitalmunich.com\/de\/#organization\",\"name\":\"Digital Munich\",\"url\":\"https:\/\/digitalmunich.com\/de\/\",\"logo\":{\"@type\":\"ImageObject\",\"inLanguage\":\"de\",\"@id\":\"https:\/\/digitalmunich.com\/de\/#\/schema\/logo\/image\/\",\"url\":\"https:\/\/digitalmunich.com\/wp-content\/uploads\/2024\/07\/logo-dmt.png\",\"contentUrl\":\"https:\/\/digitalmunich.com\/wp-content\/uploads\/2024\/07\/logo-dmt.png\",\"width\":2191,\"height\":632,\"caption\":\"Digital Munich\"},\"image\":{\"@id\":\"https:\/\/digitalmunich.com\/de\/#\/schema\/logo\/image\/\"}}]}<\/script>\n<!-- \/ Yoast SEO plugin. -->","yoast_head_json":{"title":"Gandharan Sch\u00e4tze - Digital Munich","robots":{"index":"index","follow":"follow","max-snippet":"max-snippet:-1","max-image-preview":"max-image-preview:large","max-video-preview":"max-video-preview:-1"},"canonical":"https:\/\/digitalmunich.com\/de\/dienstleistungen\/mixed-reality-loesungen\/gandharan-schaetze\/","og_locale":"de_DE","og_type":"article","og_title":"Gandharan Sch\u00e4tze - Digital Munich","og_description":"Gandharan Sch\u00e4tze Digital Munich entwickelte die Gandharan Treasures App f\u00fcr die pakistanische Botschaft in Berlin, um zeitlose Kunst zum Leben zu erwecken und den regionalen Tourismus durch Augmented Reality zu f\u00f6rdern. Gandhara-Kunst ist ein wesentlicher Bestandteil des kulturellen Erbes Pakistans. Ihre physischen \u00dcberreste sind jedoch oft schwer zug\u00e4nglich und \u00fcber abgelegene arch\u00e4ologische St\u00e4tten und Museen [&hellip;]","og_url":"https:\/\/digitalmunich.com\/de\/dienstleistungen\/mixed-reality-loesungen\/gandharan-schaetze\/","og_site_name":"Digital Munich","article_modified_time":"2024-08-23T09:49:31+00:00","og_image":[{"url":"https:\/\/digitalmunich.com\/wp-content\/uploads\/2024\/08\/gandharan-final.jpeg"}],"twitter_card":"summary_large_image","twitter_misc":{"Gesch\u00e4tzte Lesezeit":"1\u00a0Minute"},"schema":{"@context":"https:\/\/schema.org","@graph":[{"@type":"WebPage","@id":"https:\/\/digitalmunich.com\/de\/dienstleistungen\/mixed-reality-loesungen\/gandharan-schaetze\/","url":"https:\/\/digitalmunich.com\/de\/dienstleistungen\/mixed-reality-loesungen\/gandharan-schaetze\/","name":"Gandharan Sch\u00e4tze - Digital Munich","isPartOf":{"@id":"https:\/\/digitalmunich.com\/de\/#website"},"primaryImageOfPage":{"@id":"https:\/\/digitalmunich.com\/de\/dienstleistungen\/mixed-reality-loesungen\/gandharan-schaetze\/#primaryimage"},"image":{"@id":"https:\/\/digitalmunich.com\/de\/dienstleistungen\/mixed-reality-loesungen\/gandharan-schaetze\/#primaryimage"},"thumbnailUrl":"https:\/\/digitalmunich.com\/wp-content\/uploads\/2024\/08\/gandharan-final.jpeg","datePublished":"2024-08-18T22:59:27+00:00","dateModified":"2024-08-23T09:49:31+00:00","breadcrumb":{"@id":"https:\/\/digitalmunich.com\/de\/dienstleistungen\/mixed-reality-loesungen\/gandharan-schaetze\/#breadcrumb"},"inLanguage":"de","potentialAction":[{"@type":"ReadAction","target":["https:\/\/digitalmunich.com\/de\/dienstleistungen\/mixed-reality-loesungen\/gandharan-schaetze\/"]}]},{"@type":"ImageObject","inLanguage":"de","@id":"https:\/\/digitalmunich.com\/de\/dienstleistungen\/mixed-reality-loesungen\/gandharan-schaetze\/#primaryimage","url":"https:\/\/digitalmunich.com\/wp-content\/uploads\/2024\/08\/gandharan-final.jpeg","contentUrl":"https:\/\/digitalmunich.com\/wp-content\/uploads\/2024\/08\/gandharan-final.jpeg"},{"@type":"BreadcrumbList","@id":"https:\/\/digitalmunich.com\/de\/dienstleistungen\/mixed-reality-loesungen\/gandharan-schaetze\/#breadcrumb","itemListElement":[{"@type":"ListItem","position":1,"name":"Home","item":"https:\/\/digitalmunich.com\/de\/"},{"@type":"ListItem","position":2,"name":"Dienstleistungen","item":"https:\/\/digitalmunich.com\/de\/dienstleistungen\/"},{"@type":"ListItem","position":3,"name":"Mixed-Reality-L\u00f6sungen","item":"https:\/\/digitalmunich.com\/de\/services\/mixed-reality-solutions\/"},{"@type":"ListItem","position":4,"name":"Gandharan Sch\u00e4tze"}]},{"@type":"WebSite","@id":"https:\/\/digitalmunich.com\/de\/#website","url":"https:\/\/digitalmunich.com\/de\/","name":"Digital Munich","description":"","publisher":{"@id":"https:\/\/digitalmunich.com\/de\/#organization"},"potentialAction":[{"@type":"SearchAction","target":{"@type":"EntryPoint","urlTemplate":"https:\/\/digitalmunich.com\/de\/?s={search_term_string}"},"query-input":"required name=search_term_string"}],"inLanguage":"de"},{"@type":"Organization","@id":"https:\/\/digitalmunich.com\/de\/#organization","name":"Digital Munich","url":"https:\/\/digitalmunich.com\/de\/","logo":{"@type":"ImageObject","inLanguage":"de","@id":"https:\/\/digitalmunich.com\/de\/#\/schema\/logo\/image\/","url":"https:\/\/digitalmunich.com\/wp-content\/uploads\/2024\/07\/logo-dmt.png","contentUrl":"https:\/\/digitalmunich.com\/wp-content\/uploads\/2024\/07\/logo-dmt.png","width":2191,"height":632,"caption":"Digital Munich"},"image":{"@id":"https:\/\/digitalmunich.com\/de\/#\/schema\/logo\/image\/"}}]}},"_links":{"self":[{"href":"https:\/\/digitalmunich.com\/de\/wp-json\/wp\/v2\/pages\/821","targetHints":{"allow":["GET"]}}],"collection":[{"href":"https:\/\/digitalmunich.com\/de\/wp-json\/wp\/v2\/pages"}],"about":[{"href":"https:\/\/digitalmunich.com\/de\/wp-json\/wp\/v2\/types\/page"}],"author":[{"embeddable":true,"href":"https:\/\/digitalmunich.com\/de\/wp-json\/wp\/v2\/users\/4"}],"replies":[{"embeddable":true,"href":"https:\/\/digitalmunich.com\/de\/wp-json\/wp\/v2\/comments?post=821"}],"version-history":[{"count":0,"href":"https:\/\/digitalmunich.com\/de\/wp-json\/wp\/v2\/pages\/821\/revisions"}],"up":[{"embeddable":true,"href":"https:\/\/digitalmunich.com\/de\/wp-json\/wp\/v2\/pages\/381"}],"wp:attachment":[{"href":"https:\/\/digitalmunich.com\/de\/wp-json\/wp\/v2\/media?parent=821"}],"curies":[{"name":"wp","href":"https:\/\/api.w.org\/{rel}","templated":true}]}}