{"id":817,"date":"2024-08-18T22:51:29","date_gmt":"2024-08-18T22:51:29","guid":{"rendered":"https:\/\/digitalmunich.com\/?page_id=817"},"modified":"2024-09-04T15:41:31","modified_gmt":"2024-09-04T15:41:31","slug":"reise-von-iqbal","status":"publish","type":"page","link":"https:\/\/digitalmunich.com\/de\/dienstleistungen\/mixed-reality-loesungen\/reise-von-iqbal\/","title":{"rendered":"Reise mit Iqbal"},"content":{"rendered":"\t\t<div data-elementor-type=\"wp-page\" data-elementor-id=\"817\" class=\"elementor elementor-817 elementor-816\" data-elementor-post-type=\"page\">\n\t\t\t\t<div class=\"elementor-element elementor-element-11a4d850 e-con-full e-flex elementor-invisible e-con e-parent\" data-id=\"11a4d850\" data-element_type=\"container\" data-settings=\"{&quot;background_background&quot;:&quot;classic&quot;,&quot;animation&quot;:&quot;fadeIn&quot;}\">\n\t\t<div class=\"elementor-element elementor-element-2461baf2 e-con-full e-flex e-con e-child\" data-id=\"2461baf2\" data-element_type=\"container\">\n\t\t\t\t<div class=\"elementor-element elementor-element-59a208f9 elementor-invisible elementor-widget elementor-widget-text-editor\" data-id=\"59a208f9\" data-element_type=\"widget\" data-settings=\"{&quot;_animation&quot;:&quot;fadeInUp&quot;}\" data-widget_type=\"text-editor.default\">\n\t\t\t\t<div class=\"elementor-widget-container\">\n\t\t\t<style>\/*! elementor - v3.23.0 - 05-08-2024 *\/\n.elementor-widget-text-editor.elementor-drop-cap-view-stacked .elementor-drop-cap{background-color:#69727d;color:#fff}.elementor-widget-text-editor.elementor-drop-cap-view-framed .elementor-drop-cap{color:#69727d;border:3px solid;background-color:transparent}.elementor-widget-text-editor:not(.elementor-drop-cap-view-default) .elementor-drop-cap{margin-top:8px}.elementor-widget-text-editor:not(.elementor-drop-cap-view-default) .elementor-drop-cap-letter{width:1em;height:1em}.elementor-widget-text-editor .elementor-drop-cap{float:left;text-align:center;line-height:1;font-size:50px}.elementor-widget-text-editor .elementor-drop-cap-letter{display:inline-block}<\/style>\t\t\t\t<p>Digital Munich hat in Zusammenarbeit mit der pakistanischen Botschaft das poetische Erbe von Allama Iqbal mit der &#8218;AR Journey with Iqbal&#8216;-App zum Leben erweckt und durch Augmented Reality die weltweite Wertsch\u00e4tzung und den Kulturtourismus gef\u00f6rdert.<\/p>\t\t\t\t\t\t<\/div>\n\t\t\t\t<\/div>\n\t\t\t\t<\/div>\n\t\t\t\t<\/div>\n\t\t<div class=\"elementor-element elementor-element-24c843ed e-flex e-con-boxed e-con e-parent\" data-id=\"24c843ed\" data-element_type=\"container\">\n\t\t\t\t\t<div class=\"e-con-inner\">\n\t\t<div class=\"elementor-element elementor-element-a4658d7 e-con-full e-flex e-con e-child\" data-id=\"a4658d7\" data-element_type=\"container\">\n\t\t<div class=\"elementor-element elementor-element-52ae439f e-flex e-con-boxed e-con e-child\" data-id=\"52ae439f\" data-element_type=\"container\">\n\t\t\t\t\t<div class=\"e-con-inner\">\n\t\t<div class=\"elementor-element elementor-element-7f844f58 e-flex e-con-boxed e-con e-child\" data-id=\"7f844f58\" data-element_type=\"container\">\n\t\t\t\t\t<div class=\"e-con-inner\">\n\t\t\t\t<div class=\"elementor-element elementor-element-200e84a5 elementor-widget-mobile__width-inherit elementor-invisible elementor-widget elementor-widget-image\" data-id=\"200e84a5\" data-element_type=\"widget\" data-settings=\"{&quot;_animation&quot;:&quot;fadeInUp&quot;}\" data-widget_type=\"image.default\">\n\t\t\t\t<div class=\"elementor-widget-container\">\n\t\t\t<style>\/*! elementor - v3.23.0 - 05-08-2024 *\/\n.elementor-widget-image{text-align:center}.elementor-widget-image a{display:inline-block}.elementor-widget-image a img[src$=\".svg\"]{width:48px}.elementor-widget-image img{vertical-align:middle;display:inline-block}<\/style>\t\t\t\t\t\t\t\t\t\t<img fetchpriority=\"high\" decoding=\"async\" width=\"1514\" height=\"1134\" src=\"https:\/\/digitalmunich.com\/wp-content\/uploads\/2024\/08\/AR-Application-Allama-Iqbal-v2.webp\" class=\"attachment-full size-full wp-image-830\" alt=\"\" srcset=\"https:\/\/digitalmunich.com\/wp-content\/uploads\/2024\/08\/AR-Application-Allama-Iqbal-v2.webp 1514w, https:\/\/digitalmunich.com\/wp-content\/uploads\/2024\/08\/AR-Application-Allama-Iqbal-v2-300x225.webp 300w, https:\/\/digitalmunich.com\/wp-content\/uploads\/2024\/08\/AR-Application-Allama-Iqbal-v2-1024x767.webp 1024w, https:\/\/digitalmunich.com\/wp-content\/uploads\/2024\/08\/AR-Application-Allama-Iqbal-v2-768x575.webp 768w\" sizes=\"(max-width: 1514px) 100vw, 1514px\" \/>\t\t\t\t\t\t\t\t\t\t\t\t\t<\/div>\n\t\t\t\t<\/div>\n\t\t\t\t\t<\/div>\n\t\t\t\t<\/div>\n\t\t<div class=\"elementor-element elementor-element-168abe12 e-flex e-con-boxed e-con e-child\" data-id=\"168abe12\" data-element_type=\"container\">\n\t\t\t\t\t<div class=\"e-con-inner\">\n\t\t\t\t<div class=\"elementor-element elementor-element-19790ec3 elementor-widget-mobile__width-inherit elementor-invisible elementor-widget elementor-widget-text-editor\" data-id=\"19790ec3\" data-element_type=\"widget\" data-settings=\"{&quot;_animation&quot;:&quot;fadeInUp&quot;}\" data-widget_type=\"text-editor.default\">\n\t\t\t\t<div class=\"elementor-widget-container\">\n\t\t\t\t\t\t\t<p>Allama Iqbal, der ber\u00fchmte Dichter des Ostens, leistete tiefgreifende Beitr\u00e4ge zur s\u00fcdasiatischen Literatur und Philosophie. Sein Erbe ist jedoch oft in digitalen Formaten unterrepr\u00e4sentiert, was den globalen Zugang zu seinen Werken einschr\u00e4nkt. Die pakistanische Botschaft in Berlin strebte an, die Sichtbarkeit von Iqbals Einfluss zu erh\u00f6hen und den Kulturtourismus zu f\u00f6rdern.<\/p><p>Digital Munich arbeitete mit der pakistanischen Botschaft zusammen, um die App \u201eJourney with Iqbal\u201c zu entwickeln. Diese Augmented-Reality-Erfahrung taucht die Nutzer in Iqbals Gedichte und Philosophie ein und erm\u00f6glicht es ihnen, mit seinem Werk zu interagieren und seinen historischen Kontext auf dynamische und ansprechende Weise zu erkunden.<\/p><p>Die App erweckt Allama Iqbals Erbe zum Leben, indem sie seine Beitr\u00e4ge f\u00fcr ein globales Publikum zug\u00e4nglicher und ansprechender macht. Sie wird im digitalen Tourismusbereich der pakistanischen Botschaft und auf internationalen Veranstaltungen wie der ITB Berlin pr\u00e4sentiert und f\u00f6rdert das reiche literarische Erbe Pakistans. Diese Initiative \u00fcberbr\u00fcckt die Kluft zwischen Iqbals historischem Einfluss und zeitgen\u00f6ssischen Zuschauern und unterst\u00fctzt das Wachstum des Tourismussektors in Pakistan.<\/p>\t\t\t\t\t\t<\/div>\n\t\t\t\t<\/div>\n\t\t\t\t\t<\/div>\n\t\t\t\t<\/div>\n\t\t\t\t\t<\/div>\n\t\t\t\t<\/div>\n\t\t\t\t<\/div>\n\t\t\t\t\t<\/div>\n\t\t\t\t<\/div>\n\t\t<div class=\"elementor-element elementor-element-3090ebd e-flex e-con-boxed e-con e-parent\" data-id=\"3090ebd\" data-element_type=\"container\">\n\t\t\t\t\t<div class=\"e-con-inner\">\n\t\t<div class=\"elementor-element elementor-element-71a7d1d e-con-full e-flex e-con e-child\" data-id=\"71a7d1d\" data-element_type=\"container\">\n\t\t<div class=\"elementor-element elementor-element-3e3b49c e-con-full e-flex e-con e-child\" data-id=\"3e3b49c\" data-element_type=\"container\">\n\t\t\t\t<\/div>\n\t\t<div class=\"elementor-element elementor-element-f564a37 e-con-full e-flex e-con e-child\" data-id=\"f564a37\" data-element_type=\"container\" data-settings=\"{&quot;background_background&quot;:&quot;classic&quot;}\">\n\t\t\t\t<div class=\"elementor-element elementor-element-b83072e elementor-widget elementor-widget-text-editor\" data-id=\"b83072e\" data-element_type=\"widget\" data-widget_type=\"text-editor.default\">\n\t\t\t\t<div class=\"elementor-widget-container\">\n\t\t\t\t\t\t\t<blockquote><h4><b>&#8222;Ich danke Digital Munich von ganzem Herzen f\u00fcr ihren unsch\u00e4tzbaren Beitrag zur Schaffung dieser Tourismus-Ecke f\u00fcr Pakistan. Ihr Einsatz an Zeit und Ressourcen hat ma\u00dfgeblich dazu beigetragen, dieses Projekt zu verwirklichen.&#8220;<\/b><\/h4><\/blockquote><blockquote><p>&#8211; Dr. Muhammad Faisal, Botschafter Pakistans in Deutschland<\/p><\/blockquote>\t\t\t\t\t\t<\/div>\n\t\t\t\t<\/div>\n\t\t\t\t<\/div>\n\t\t<div class=\"elementor-element elementor-element-b5d55df e-con-full e-flex e-con e-child\" data-id=\"b5d55df\" data-element_type=\"container\">\n\t\t\t\t<\/div>\n\t\t\t\t<\/div>\n\t\t\t\t\t<\/div>\n\t\t\t\t<\/div>\n\t\t<div class=\"elementor-element elementor-element-e1742c9 e-flex e-con-boxed e-con e-parent\" data-id=\"e1742c9\" data-element_type=\"container\">\n\t\t\t\t\t<div class=\"e-con-inner\">\n\t\t\t\t<div class=\"elementor-element elementor-element-bf5a8b8 elementor-widget-divider--view-line elementor-widget elementor-widget-divider\" data-id=\"bf5a8b8\" data-element_type=\"widget\" data-widget_type=\"divider.default\">\n\t\t\t\t<div class=\"elementor-widget-container\">\n\t\t\t<style>\/*! elementor - v3.23.0 - 05-08-2024 *\/\n.elementor-widget-divider{--divider-border-style:none;--divider-border-width:1px;--divider-color:#0c0d0e;--divider-icon-size:20px;--divider-element-spacing:10px;--divider-pattern-height:24px;--divider-pattern-size:20px;--divider-pattern-url:none;--divider-pattern-repeat:repeat-x}.elementor-widget-divider .elementor-divider{display:flex}.elementor-widget-divider .elementor-divider__text{font-size:15px;line-height:1;max-width:95%}.elementor-widget-divider .elementor-divider__element{margin:0 var(--divider-element-spacing);flex-shrink:0}.elementor-widget-divider .elementor-icon{font-size:var(--divider-icon-size)}.elementor-widget-divider .elementor-divider-separator{display:flex;margin:0;direction:ltr}.elementor-widget-divider--view-line_icon .elementor-divider-separator,.elementor-widget-divider--view-line_text .elementor-divider-separator{align-items:center}.elementor-widget-divider--view-line_icon .elementor-divider-separator:after,.elementor-widget-divider--view-line_icon .elementor-divider-separator:before,.elementor-widget-divider--view-line_text .elementor-divider-separator:after,.elementor-widget-divider--view-line_text .elementor-divider-separator:before{display:block;content:\"\";border-block-end:0;flex-grow:1;border-block-start:var(--divider-border-width) var(--divider-border-style) var(--divider-color)}.elementor-widget-divider--element-align-left .elementor-divider .elementor-divider-separator>.elementor-divider__svg:first-of-type{flex-grow:0;flex-shrink:100}.elementor-widget-divider--element-align-left .elementor-divider-separator:before{content:none}.elementor-widget-divider--element-align-left .elementor-divider__element{margin-left:0}.elementor-widget-divider--element-align-right .elementor-divider .elementor-divider-separator>.elementor-divider__svg:last-of-type{flex-grow:0;flex-shrink:100}.elementor-widget-divider--element-align-right .elementor-divider-separator:after{content:none}.elementor-widget-divider--element-align-right .elementor-divider__element{margin-right:0}.elementor-widget-divider--element-align-start .elementor-divider .elementor-divider-separator>.elementor-divider__svg:first-of-type{flex-grow:0;flex-shrink:100}.elementor-widget-divider--element-align-start .elementor-divider-separator:before{content:none}.elementor-widget-divider--element-align-start .elementor-divider__element{margin-inline-start:0}.elementor-widget-divider--element-align-end .elementor-divider .elementor-divider-separator>.elementor-divider__svg:last-of-type{flex-grow:0;flex-shrink:100}.elementor-widget-divider--element-align-end .elementor-divider-separator:after{content:none}.elementor-widget-divider--element-align-end .elementor-divider__element{margin-inline-end:0}.elementor-widget-divider:not(.elementor-widget-divider--view-line_text):not(.elementor-widget-divider--view-line_icon) .elementor-divider-separator{border-block-start:var(--divider-border-width) var(--divider-border-style) var(--divider-color)}.elementor-widget-divider--separator-type-pattern{--divider-border-style:none}.elementor-widget-divider--separator-type-pattern.elementor-widget-divider--view-line .elementor-divider-separator,.elementor-widget-divider--separator-type-pattern:not(.elementor-widget-divider--view-line) .elementor-divider-separator:after,.elementor-widget-divider--separator-type-pattern:not(.elementor-widget-divider--view-line) .elementor-divider-separator:before,.elementor-widget-divider--separator-type-pattern:not([class*=elementor-widget-divider--view]) .elementor-divider-separator{width:100%;min-height:var(--divider-pattern-height);-webkit-mask-size:var(--divider-pattern-size) 100%;mask-size:var(--divider-pattern-size) 100%;-webkit-mask-repeat:var(--divider-pattern-repeat);mask-repeat:var(--divider-pattern-repeat);background-color:var(--divider-color);-webkit-mask-image:var(--divider-pattern-url);mask-image:var(--divider-pattern-url)}.elementor-widget-divider--no-spacing{--divider-pattern-size:auto}.elementor-widget-divider--bg-round{--divider-pattern-repeat:round}.rtl .elementor-widget-divider .elementor-divider__text{direction:rtl}.e-con-inner>.elementor-widget-divider,.e-con>.elementor-widget-divider{width:var(--container-widget-width,100%);--flex-grow:var(--container-widget-flex-grow)}<\/style>\t\t<div class=\"elementor-divider\">\n\t\t\t<span class=\"elementor-divider-separator\">\n\t\t\t\t\t\t<\/span>\n\t\t<\/div>\n\t\t\t\t<\/div>\n\t\t\t\t<\/div>\n\t\t\t\t\t<\/div>\n\t\t\t\t<\/div>\n\t\t\t\t<\/div>\n\t\t","protected":false},"excerpt":{"rendered":"<p>Digital Munich hat in Zusammenarbeit mit der pakistanischen Botschaft das poetische Erbe von Allama Iqbal mit der &#8218;AR Journey with Iqbal&#8216;-App zum Leben erweckt und durch Augmented Reality die weltweite Wertsch\u00e4tzung und den Kulturtourismus gef\u00f6rdert. Allama Iqbal, der ber\u00fchmte Dichter des Ostens, leistete tiefgreifende Beitr\u00e4ge zur s\u00fcdasiatischen Literatur und Philosophie. Sein Erbe ist jedoch oft [&hellip;]<\/p>\n","protected":false},"author":4,"featured_media":0,"parent":381,"menu_order":0,"comment_status":"closed","ping_status":"closed","template":"","meta":{"ub_ctt_via":"","footnotes":""},"class_list":["post-817","page","type-page","status-publish","hentry"],"featured_image_src":null,"yoast_head":"<!-- This site is optimized with the Yoast SEO plugin v23.3 - https:\/\/yoast.com\/wordpress\/plugins\/seo\/ -->\n<title>Reise mit Iqbal - Digital Munich<\/title>\n<meta name=\"robots\" content=\"index, follow, max-snippet:-1, max-image-preview:large, max-video-preview:-1\" \/>\n<link rel=\"canonical\" href=\"https:\/\/digitalmunich.com\/de\/dienstleistungen\/mixed-reality-loesungen\/reise-von-iqbal\/\" \/>\n<meta property=\"og:locale\" content=\"de_DE\" \/>\n<meta property=\"og:type\" content=\"article\" \/>\n<meta property=\"og:title\" content=\"Reise mit Iqbal - Digital Munich\" \/>\n<meta property=\"og:description\" content=\"Digital Munich hat in Zusammenarbeit mit der pakistanischen Botschaft das poetische Erbe von Allama Iqbal mit der &#8218;AR Journey with Iqbal&#8216;-App zum Leben erweckt und durch Augmented Reality die weltweite Wertsch\u00e4tzung und den Kulturtourismus gef\u00f6rdert. Allama Iqbal, der ber\u00fchmte Dichter des Ostens, leistete tiefgreifende Beitr\u00e4ge zur s\u00fcdasiatischen Literatur und Philosophie. Sein Erbe ist jedoch oft [&hellip;]\" \/>\n<meta property=\"og:url\" content=\"https:\/\/digitalmunich.com\/de\/dienstleistungen\/mixed-reality-loesungen\/reise-von-iqbal\/\" \/>\n<meta property=\"og:site_name\" content=\"Digital Munich\" \/>\n<meta property=\"article:modified_time\" content=\"2024-09-04T15:41:31+00:00\" \/>\n<meta property=\"og:image\" content=\"https:\/\/digitalmunich.com\/wp-content\/uploads\/2024\/08\/AR-Application-Allama-Iqbal-v2.webp\" \/>\n<meta name=\"twitter:card\" content=\"summary_large_image\" \/>\n<meta name=\"twitter:label1\" content=\"Gesch\u00e4tzte Lesezeit\" \/>\n\t<meta name=\"twitter:data1\" content=\"2\u00a0Minuten\" \/>\n<script type=\"application\/ld+json\" class=\"yoast-schema-graph\">{\"@context\":\"https:\/\/schema.org\",\"@graph\":[{\"@type\":\"WebPage\",\"@id\":\"https:\/\/digitalmunich.com\/de\/dienstleistungen\/mixed-reality-loesungen\/reise-von-iqbal\/\",\"url\":\"https:\/\/digitalmunich.com\/de\/dienstleistungen\/mixed-reality-loesungen\/reise-von-iqbal\/\",\"name\":\"Reise mit Iqbal - Digital Munich\",\"isPartOf\":{\"@id\":\"https:\/\/digitalmunich.com\/de\/#website\"},\"primaryImageOfPage\":{\"@id\":\"https:\/\/digitalmunich.com\/de\/dienstleistungen\/mixed-reality-loesungen\/reise-von-iqbal\/#primaryimage\"},\"image\":{\"@id\":\"https:\/\/digitalmunich.com\/de\/dienstleistungen\/mixed-reality-loesungen\/reise-von-iqbal\/#primaryimage\"},\"thumbnailUrl\":\"https:\/\/digitalmunich.com\/wp-content\/uploads\/2024\/08\/AR-Application-Allama-Iqbal-v2.webp\",\"datePublished\":\"2024-08-18T22:51:29+00:00\",\"dateModified\":\"2024-09-04T15:41:31+00:00\",\"breadcrumb\":{\"@id\":\"https:\/\/digitalmunich.com\/de\/dienstleistungen\/mixed-reality-loesungen\/reise-von-iqbal\/#breadcrumb\"},\"inLanguage\":\"de\",\"potentialAction\":[{\"@type\":\"ReadAction\",\"target\":[\"https:\/\/digitalmunich.com\/de\/dienstleistungen\/mixed-reality-loesungen\/reise-von-iqbal\/\"]}]},{\"@type\":\"ImageObject\",\"inLanguage\":\"de\",\"@id\":\"https:\/\/digitalmunich.com\/de\/dienstleistungen\/mixed-reality-loesungen\/reise-von-iqbal\/#primaryimage\",\"url\":\"https:\/\/digitalmunich.com\/wp-content\/uploads\/2024\/08\/AR-Application-Allama-Iqbal-v2.webp\",\"contentUrl\":\"https:\/\/digitalmunich.com\/wp-content\/uploads\/2024\/08\/AR-Application-Allama-Iqbal-v2.webp\"},{\"@type\":\"BreadcrumbList\",\"@id\":\"https:\/\/digitalmunich.com\/de\/dienstleistungen\/mixed-reality-loesungen\/reise-von-iqbal\/#breadcrumb\",\"itemListElement\":[{\"@type\":\"ListItem\",\"position\":1,\"name\":\"Home\",\"item\":\"https:\/\/digitalmunich.com\/de\/\"},{\"@type\":\"ListItem\",\"position\":2,\"name\":\"Dienstleistungen\",\"item\":\"https:\/\/digitalmunich.com\/de\/dienstleistungen\/\"},{\"@type\":\"ListItem\",\"position\":3,\"name\":\"Mixed-Reality-L\u00f6sungen\",\"item\":\"https:\/\/digitalmunich.com\/de\/services\/mixed-reality-solutions\/\"},{\"@type\":\"ListItem\",\"position\":4,\"name\":\"Reise mit Iqbal\"}]},{\"@type\":\"WebSite\",\"@id\":\"https:\/\/digitalmunich.com\/de\/#website\",\"url\":\"https:\/\/digitalmunich.com\/de\/\",\"name\":\"Digital Munich\",\"description\":\"\",\"publisher\":{\"@id\":\"https:\/\/digitalmunich.com\/de\/#organization\"},\"potentialAction\":[{\"@type\":\"SearchAction\",\"target\":{\"@type\":\"EntryPoint\",\"urlTemplate\":\"https:\/\/digitalmunich.com\/de\/?s={search_term_string}\"},\"query-input\":\"required name=search_term_string\"}],\"inLanguage\":\"de\"},{\"@type\":\"Organization\",\"@id\":\"https:\/\/digitalmunich.com\/de\/#organization\",\"name\":\"Digital Munich\",\"url\":\"https:\/\/digitalmunich.com\/de\/\",\"logo\":{\"@type\":\"ImageObject\",\"inLanguage\":\"de\",\"@id\":\"https:\/\/digitalmunich.com\/de\/#\/schema\/logo\/image\/\",\"url\":\"https:\/\/digitalmunich.com\/wp-content\/uploads\/2024\/07\/logo-dmt.png\",\"contentUrl\":\"https:\/\/digitalmunich.com\/wp-content\/uploads\/2024\/07\/logo-dmt.png\",\"width\":2191,\"height\":632,\"caption\":\"Digital Munich\"},\"image\":{\"@id\":\"https:\/\/digitalmunich.com\/de\/#\/schema\/logo\/image\/\"}}]}<\/script>\n<!-- \/ Yoast SEO plugin. -->","yoast_head_json":{"title":"Reise mit Iqbal - Digital Munich","robots":{"index":"index","follow":"follow","max-snippet":"max-snippet:-1","max-image-preview":"max-image-preview:large","max-video-preview":"max-video-preview:-1"},"canonical":"https:\/\/digitalmunich.com\/de\/dienstleistungen\/mixed-reality-loesungen\/reise-von-iqbal\/","og_locale":"de_DE","og_type":"article","og_title":"Reise mit Iqbal - Digital Munich","og_description":"Digital Munich hat in Zusammenarbeit mit der pakistanischen Botschaft das poetische Erbe von Allama Iqbal mit der &#8218;AR Journey with Iqbal&#8216;-App zum Leben erweckt und durch Augmented Reality die weltweite Wertsch\u00e4tzung und den Kulturtourismus gef\u00f6rdert. Allama Iqbal, der ber\u00fchmte Dichter des Ostens, leistete tiefgreifende Beitr\u00e4ge zur s\u00fcdasiatischen Literatur und Philosophie. Sein Erbe ist jedoch oft [&hellip;]","og_url":"https:\/\/digitalmunich.com\/de\/dienstleistungen\/mixed-reality-loesungen\/reise-von-iqbal\/","og_site_name":"Digital Munich","article_modified_time":"2024-09-04T15:41:31+00:00","og_image":[{"url":"https:\/\/digitalmunich.com\/wp-content\/uploads\/2024\/08\/AR-Application-Allama-Iqbal-v2.webp"}],"twitter_card":"summary_large_image","twitter_misc":{"Gesch\u00e4tzte Lesezeit":"2\u00a0Minuten"},"schema":{"@context":"https:\/\/schema.org","@graph":[{"@type":"WebPage","@id":"https:\/\/digitalmunich.com\/de\/dienstleistungen\/mixed-reality-loesungen\/reise-von-iqbal\/","url":"https:\/\/digitalmunich.com\/de\/dienstleistungen\/mixed-reality-loesungen\/reise-von-iqbal\/","name":"Reise mit Iqbal - Digital Munich","isPartOf":{"@id":"https:\/\/digitalmunich.com\/de\/#website"},"primaryImageOfPage":{"@id":"https:\/\/digitalmunich.com\/de\/dienstleistungen\/mixed-reality-loesungen\/reise-von-iqbal\/#primaryimage"},"image":{"@id":"https:\/\/digitalmunich.com\/de\/dienstleistungen\/mixed-reality-loesungen\/reise-von-iqbal\/#primaryimage"},"thumbnailUrl":"https:\/\/digitalmunich.com\/wp-content\/uploads\/2024\/08\/AR-Application-Allama-Iqbal-v2.webp","datePublished":"2024-08-18T22:51:29+00:00","dateModified":"2024-09-04T15:41:31+00:00","breadcrumb":{"@id":"https:\/\/digitalmunich.com\/de\/dienstleistungen\/mixed-reality-loesungen\/reise-von-iqbal\/#breadcrumb"},"inLanguage":"de","potentialAction":[{"@type":"ReadAction","target":["https:\/\/digitalmunich.com\/de\/dienstleistungen\/mixed-reality-loesungen\/reise-von-iqbal\/"]}]},{"@type":"ImageObject","inLanguage":"de","@id":"https:\/\/digitalmunich.com\/de\/dienstleistungen\/mixed-reality-loesungen\/reise-von-iqbal\/#primaryimage","url":"https:\/\/digitalmunich.com\/wp-content\/uploads\/2024\/08\/AR-Application-Allama-Iqbal-v2.webp","contentUrl":"https:\/\/digitalmunich.com\/wp-content\/uploads\/2024\/08\/AR-Application-Allama-Iqbal-v2.webp"},{"@type":"BreadcrumbList","@id":"https:\/\/digitalmunich.com\/de\/dienstleistungen\/mixed-reality-loesungen\/reise-von-iqbal\/#breadcrumb","itemListElement":[{"@type":"ListItem","position":1,"name":"Home","item":"https:\/\/digitalmunich.com\/de\/"},{"@type":"ListItem","position":2,"name":"Dienstleistungen","item":"https:\/\/digitalmunich.com\/de\/dienstleistungen\/"},{"@type":"ListItem","position":3,"name":"Mixed-Reality-L\u00f6sungen","item":"https:\/\/digitalmunich.com\/de\/services\/mixed-reality-solutions\/"},{"@type":"ListItem","position":4,"name":"Reise mit Iqbal"}]},{"@type":"WebSite","@id":"https:\/\/digitalmunich.com\/de\/#website","url":"https:\/\/digitalmunich.com\/de\/","name":"Digital Munich","description":"","publisher":{"@id":"https:\/\/digitalmunich.com\/de\/#organization"},"potentialAction":[{"@type":"SearchAction","target":{"@type":"EntryPoint","urlTemplate":"https:\/\/digitalmunich.com\/de\/?s={search_term_string}"},"query-input":"required name=search_term_string"}],"inLanguage":"de"},{"@type":"Organization","@id":"https:\/\/digitalmunich.com\/de\/#organization","name":"Digital Munich","url":"https:\/\/digitalmunich.com\/de\/","logo":{"@type":"ImageObject","inLanguage":"de","@id":"https:\/\/digitalmunich.com\/de\/#\/schema\/logo\/image\/","url":"https:\/\/digitalmunich.com\/wp-content\/uploads\/2024\/07\/logo-dmt.png","contentUrl":"https:\/\/digitalmunich.com\/wp-content\/uploads\/2024\/07\/logo-dmt.png","width":2191,"height":632,"caption":"Digital Munich"},"image":{"@id":"https:\/\/digitalmunich.com\/de\/#\/schema\/logo\/image\/"}}]}},"_links":{"self":[{"href":"https:\/\/digitalmunich.com\/de\/wp-json\/wp\/v2\/pages\/817","targetHints":{"allow":["GET"]}}],"collection":[{"href":"https:\/\/digitalmunich.com\/de\/wp-json\/wp\/v2\/pages"}],"about":[{"href":"https:\/\/digitalmunich.com\/de\/wp-json\/wp\/v2\/types\/page"}],"author":[{"embeddable":true,"href":"https:\/\/digitalmunich.com\/de\/wp-json\/wp\/v2\/users\/4"}],"replies":[{"embeddable":true,"href":"https:\/\/digitalmunich.com\/de\/wp-json\/wp\/v2\/comments?post=817"}],"version-history":[{"count":0,"href":"https:\/\/digitalmunich.com\/de\/wp-json\/wp\/v2\/pages\/817\/revisions"}],"up":[{"embeddable":true,"href":"https:\/\/digitalmunich.com\/de\/wp-json\/wp\/v2\/pages\/381"}],"wp:attachment":[{"href":"https:\/\/digitalmunich.com\/de\/wp-json\/wp\/v2\/media?parent=817"}],"curies":[{"name":"wp","href":"https:\/\/api.w.org\/{rel}","templated":true}]}}