{"id":383,"date":"2024-07-30T14:25:16","date_gmt":"2024-07-30T14:25:16","guid":{"rendered":"http:\/\/digitalmunich.com\/dienstleistungen\/mixed-reality-loesungen\/himalaya-panorama\/"},"modified":"2024-09-04T08:20:41","modified_gmt":"2024-09-04T08:20:41","slug":"himalaya-panorama","status":"publish","type":"page","link":"https:\/\/digitalmunich.com\/de\/dienstleistungen\/mixed-reality-loesungen\/himalaya-panorama\/","title":{"rendered":"Himalaya-Panorama"},"content":{"rendered":"\t\t<div data-elementor-type=\"wp-page\" data-elementor-id=\"383\" class=\"elementor elementor-383 elementor-299\" data-elementor-post-type=\"page\">\n\t\t\t\t<div class=\"elementor-element elementor-element-11a4d850 e-con-full e-flex elementor-invisible e-con e-parent\" data-id=\"11a4d850\" data-element_type=\"container\" data-settings=\"{&quot;background_background&quot;:&quot;classic&quot;,&quot;animation&quot;:&quot;fadeIn&quot;}\">\n\t\t<div class=\"elementor-element elementor-element-2461baf2 e-con-full e-flex e-con e-child\" data-id=\"2461baf2\" data-element_type=\"container\">\n\t\t\t\t<div class=\"elementor-element elementor-element-59a208f9 elementor-invisible elementor-widget elementor-widget-text-editor\" data-id=\"59a208f9\" data-element_type=\"widget\" data-settings=\"{&quot;_animation&quot;:&quot;fadeInUp&quot;}\" data-widget_type=\"text-editor.default\">\n\t\t\t\t<div class=\"elementor-widget-container\">\n\t\t\t<style>\/*! elementor - v3.23.0 - 05-08-2024 *\/\n.elementor-widget-text-editor.elementor-drop-cap-view-stacked .elementor-drop-cap{background-color:#69727d;color:#fff}.elementor-widget-text-editor.elementor-drop-cap-view-framed .elementor-drop-cap{color:#69727d;border:3px solid;background-color:transparent}.elementor-widget-text-editor:not(.elementor-drop-cap-view-default) .elementor-drop-cap{margin-top:8px}.elementor-widget-text-editor:not(.elementor-drop-cap-view-default) .elementor-drop-cap-letter{width:1em;height:1em}.elementor-widget-text-editor .elementor-drop-cap{float:left;text-align:center;line-height:1;font-size:50px}.elementor-widget-text-editor .elementor-drop-cap-letter{display:inline-block}<\/style>\t\t\t\t<p>Die Pakistanische Botschaft brachte die Himalaya nach Deutschland, indem sie die Virtual-Reality-L\u00f6sung von Digital Munich nutzte und so den Tourismus im Land f\u00f6rderte.<\/p>\t\t\t\t\t\t<\/div>\n\t\t\t\t<\/div>\n\t\t\t\t<\/div>\n\t\t\t\t<\/div>\n\t\t<div class=\"elementor-element elementor-element-24c843ed e-flex e-con-boxed e-con e-parent\" data-id=\"24c843ed\" data-element_type=\"container\">\n\t\t\t\t\t<div class=\"e-con-inner\">\n\t\t<div class=\"elementor-element elementor-element-a4658d7 e-con-full e-flex e-con e-child\" data-id=\"a4658d7\" data-element_type=\"container\">\n\t\t<div class=\"elementor-element elementor-element-52ae439f e-flex e-con-boxed e-con e-child\" data-id=\"52ae439f\" data-element_type=\"container\">\n\t\t\t\t\t<div class=\"e-con-inner\">\n\t\t<div class=\"elementor-element elementor-element-7f844f58 e-flex e-con-boxed e-con e-child\" data-id=\"7f844f58\" data-element_type=\"container\">\n\t\t\t\t\t<div class=\"e-con-inner\">\n\t\t\t\t<div class=\"elementor-element elementor-element-200e84a5 elementor-widget-mobile__width-inherit elementor-invisible elementor-widget elementor-widget-image\" data-id=\"200e84a5\" data-element_type=\"widget\" data-settings=\"{&quot;_animation&quot;:&quot;fadeInUp&quot;}\" data-widget_type=\"image.default\">\n\t\t\t\t<div class=\"elementor-widget-container\">\n\t\t\t<style>\/*! elementor - v3.23.0 - 05-08-2024 *\/\n.elementor-widget-image{text-align:center}.elementor-widget-image a{display:inline-block}.elementor-widget-image a img[src$=\".svg\"]{width:48px}.elementor-widget-image img{vertical-align:middle;display:inline-block}<\/style>\t\t\t\t\t\t\t\t\t\t<img fetchpriority=\"high\" decoding=\"async\" width=\"2560\" height=\"1707\" src=\"https:\/\/digitalmunich.com\/wp-content\/uploads\/2024\/08\/virtual-reality-fitness-game-himalayas-copyright-scaled.webp\" class=\"attachment-full size-full wp-image-579\" alt=\"\" srcset=\"https:\/\/digitalmunich.com\/wp-content\/uploads\/2024\/08\/virtual-reality-fitness-game-himalayas-copyright-scaled.webp 2560w, https:\/\/digitalmunich.com\/wp-content\/uploads\/2024\/08\/virtual-reality-fitness-game-himalayas-copyright-300x200.webp 300w, https:\/\/digitalmunich.com\/wp-content\/uploads\/2024\/08\/virtual-reality-fitness-game-himalayas-copyright-1024x683.webp 1024w, https:\/\/digitalmunich.com\/wp-content\/uploads\/2024\/08\/virtual-reality-fitness-game-himalayas-copyright-768x512.webp 768w, https:\/\/digitalmunich.com\/wp-content\/uploads\/2024\/08\/virtual-reality-fitness-game-himalayas-copyright-1536x1024.webp 1536w, https:\/\/digitalmunich.com\/wp-content\/uploads\/2024\/08\/virtual-reality-fitness-game-himalayas-copyright-2048x1365.webp 2048w\" sizes=\"(max-width: 2560px) 100vw, 2560px\" \/>\t\t\t\t\t\t\t\t\t\t\t\t\t<\/div>\n\t\t\t\t<\/div>\n\t\t\t\t\t<\/div>\n\t\t\t\t<\/div>\n\t\t<div class=\"elementor-element elementor-element-168abe12 e-flex e-con-boxed e-con e-child\" data-id=\"168abe12\" data-element_type=\"container\">\n\t\t\t\t\t<div class=\"e-con-inner\">\n\t\t\t\t<div class=\"elementor-element elementor-element-19790ec3 elementor-widget-mobile__width-inherit elementor-invisible elementor-widget elementor-widget-text-editor\" data-id=\"19790ec3\" data-element_type=\"widget\" data-settings=\"{&quot;_animation&quot;:&quot;fadeInUp&quot;}\" data-widget_type=\"text-editor.default\">\n\t\t\t\t<div class=\"elementor-widget-container\">\n\t\t\t\t\t\t\t<p>Pakistan ist die Heimat vieler Natursch\u00f6nheiten, darunter die atemberaubenden Himalaya und das Karakorum-Gebirge. Diese Naturwunder geh\u00f6ren zu den beeindruckendsten der Erde, sind jedoch unbewegliche G\u00fcter, die nur diejenigen, die nach Pakistan reisen k\u00f6nnen, aus erster Hand erleben. Der Tourismus tr\u00e4gt etwa 2,8% zum pakistanischen BIP bei, was aufgrund verschiedener Herausforderungen, darunter infrastrukturelle Probleme, unter seinem Potenzial liegt.<\/p><p><span style=\"background-color: var( --e-global-color-e777cd9 ); color: var( --e-global-color-text ); font-family: var( --e-global-typography-text-font-family ), Sans-serif; font-size: var( --e-global-typography-text-font-size ); font-weight: var( --e-global-typography-text-font-weight ); letter-spacing: var( --e-global-typography-text-letter-spacing ); text-align: var(--text-align);\">Um den Tourismus zu f\u00f6rdern, wollte die pakistanische Botschaft in Berlin moderne Technologien nutzen, indem sie eine digitale Tourismus-Ecke entwickelte.<\/span><\/p><p><span style=\"text-align: var(--text-align); background-color: var( --e-global-color-e777cd9 ); color: var( --e-global-color-text ); font-family: var( --e-global-typography-text-font-family ), Sans-serif; font-size: var( --e-global-typography-text-font-size ); font-weight: var( --e-global-typography-text-font-weight ); letter-spacing: var( --e-global-typography-text-letter-spacing );\">Digital Munich entwickelte die Himalaya-Panorama-App sowie andere digitale Erlebnisse. Diese App erm\u00f6glicht es Nutzern, die majest\u00e4tischen Landschaften des Himalaya und des Karakorum-Gebirges von \u00fcberall auf der Welt zu erkunden. Diese VR-L\u00f6sung erweckt Pakistans nat\u00fcrliche Sch\u00f6nheit auf eine immersive Weise zum Leben.<\/span><\/p><p><span style=\"text-align: var(--text-align); background-color: var( --e-global-color-e777cd9 ); color: var( --e-global-color-text ); font-family: var( --e-global-typography-text-font-family ), Sans-serif; font-size: var( --e-global-typography-text-font-size ); font-weight: var( --e-global-typography-text-font-weight ); letter-spacing: var( --e-global-typography-text-letter-spacing );\">Die Einf\u00fchrung der digitalen Tourismus-Ecke hat einen bedeutenden Einfluss auf die F\u00e4higkeit Pakistans, den Tourismus und den kulturellen Austausch zu f\u00f6rdern. Indem die App ein immersives, interaktives Erlebnis bietet, kann die Botschaft die Sch\u00f6nheit Pakistans einem weltweiten Publikum pr\u00e4sentieren und so das Interesse an einem Besuch des Landes steigern. Die digitale Tourismus-Ecke steht allen Besuchern der pakistanischen Botschaft in Berlin offen und ist damit eine zentrale Attraktion f\u00fcr diejenigen, die Naturwunder Pakistans erkunden m\u00f6chten.<\/span><\/p><p>Diese Er\u00f6ffnung ist ein wichtiger Meilenstein f\u00fcr die F\u00f6rderung des reichen kulturellen Erbes Pakistans in Deutschland.<\/p>\t\t\t\t\t\t<\/div>\n\t\t\t\t<\/div>\n\t\t\t\t\t<\/div>\n\t\t\t\t<\/div>\n\t\t\t\t\t<\/div>\n\t\t\t\t<\/div>\n\t\t\t\t<\/div>\n\t\t\t\t\t<\/div>\n\t\t\t\t<\/div>\n\t\t<div class=\"elementor-element elementor-element-4dd40fe e-flex e-con-boxed e-con e-parent\" data-id=\"4dd40fe\" data-element_type=\"container\">\n\t\t\t\t\t<div class=\"e-con-inner\">\n\t\t<div class=\"elementor-element elementor-element-1764d9f e-con-full e-flex e-con e-child\" data-id=\"1764d9f\" data-element_type=\"container\">\n\t\t\t\t<\/div>\n\t\t<div class=\"elementor-element elementor-element-4cb46e2 e-con-full e-flex e-con e-child\" data-id=\"4cb46e2\" data-element_type=\"container\" data-settings=\"{&quot;background_background&quot;:&quot;classic&quot;}\">\n\t\t\t\t<div class=\"elementor-element elementor-element-5a6e8e0 elementor-widget elementor-widget-text-editor\" data-id=\"5a6e8e0\" data-element_type=\"widget\" data-widget_type=\"text-editor.default\">\n\t\t\t\t<div class=\"elementor-widget-container\">\n\t\t\t\t\t\t\t<blockquote><h4><b>&#8222;Ich danke Digital Munich von ganzem Herzen f\u00fcr ihren unsch\u00e4tzbaren Beitrag zur Schaffung dieser Tourismus-Ecke f\u00fcr Pakistan. Ihr Einsatz an Zeit und Ressourcen hat ma\u00dfgeblich dazu beigetragen, dieses Projekt zu verwirklichen.&#8220;<\/b><\/h4><\/blockquote><blockquote><p>&#8211; Dr. Muhammad Faisal, Botschafter Pakistans in Deutschland<\/p><\/blockquote>\t\t\t\t\t\t<\/div>\n\t\t\t\t<\/div>\n\t\t\t\t<\/div>\n\t\t<div class=\"elementor-element elementor-element-6ab9aef e-con-full e-flex e-con e-child\" data-id=\"6ab9aef\" data-element_type=\"container\">\n\t\t\t\t<\/div>\n\t\t\t\t\t<\/div>\n\t\t\t\t<\/div>\n\t\t<div class=\"elementor-element elementor-element-e1742c9 e-flex e-con-boxed e-con e-parent\" data-id=\"e1742c9\" data-element_type=\"container\">\n\t\t\t\t\t<div class=\"e-con-inner\">\n\t\t\t\t<div class=\"elementor-element elementor-element-bf5a8b8 elementor-widget-divider--view-line elementor-widget elementor-widget-divider\" data-id=\"bf5a8b8\" data-element_type=\"widget\" data-widget_type=\"divider.default\">\n\t\t\t\t<div class=\"elementor-widget-container\">\n\t\t\t<style>\/*! elementor - v3.23.0 - 05-08-2024 *\/\n.elementor-widget-divider{--divider-border-style:none;--divider-border-width:1px;--divider-color:#0c0d0e;--divider-icon-size:20px;--divider-element-spacing:10px;--divider-pattern-height:24px;--divider-pattern-size:20px;--divider-pattern-url:none;--divider-pattern-repeat:repeat-x}.elementor-widget-divider .elementor-divider{display:flex}.elementor-widget-divider .elementor-divider__text{font-size:15px;line-height:1;max-width:95%}.elementor-widget-divider .elementor-divider__element{margin:0 var(--divider-element-spacing);flex-shrink:0}.elementor-widget-divider .elementor-icon{font-size:var(--divider-icon-size)}.elementor-widget-divider .elementor-divider-separator{display:flex;margin:0;direction:ltr}.elementor-widget-divider--view-line_icon .elementor-divider-separator,.elementor-widget-divider--view-line_text .elementor-divider-separator{align-items:center}.elementor-widget-divider--view-line_icon .elementor-divider-separator:after,.elementor-widget-divider--view-line_icon .elementor-divider-separator:before,.elementor-widget-divider--view-line_text .elementor-divider-separator:after,.elementor-widget-divider--view-line_text .elementor-divider-separator:before{display:block;content:\"\";border-block-end:0;flex-grow:1;border-block-start:var(--divider-border-width) var(--divider-border-style) var(--divider-color)}.elementor-widget-divider--element-align-left .elementor-divider .elementor-divider-separator>.elementor-divider__svg:first-of-type{flex-grow:0;flex-shrink:100}.elementor-widget-divider--element-align-left .elementor-divider-separator:before{content:none}.elementor-widget-divider--element-align-left .elementor-divider__element{margin-left:0}.elementor-widget-divider--element-align-right .elementor-divider .elementor-divider-separator>.elementor-divider__svg:last-of-type{flex-grow:0;flex-shrink:100}.elementor-widget-divider--element-align-right .elementor-divider-separator:after{content:none}.elementor-widget-divider--element-align-right .elementor-divider__element{margin-right:0}.elementor-widget-divider--element-align-start .elementor-divider .elementor-divider-separator>.elementor-divider__svg:first-of-type{flex-grow:0;flex-shrink:100}.elementor-widget-divider--element-align-start .elementor-divider-separator:before{content:none}.elementor-widget-divider--element-align-start .elementor-divider__element{margin-inline-start:0}.elementor-widget-divider--element-align-end .elementor-divider .elementor-divider-separator>.elementor-divider__svg:last-of-type{flex-grow:0;flex-shrink:100}.elementor-widget-divider--element-align-end .elementor-divider-separator:after{content:none}.elementor-widget-divider--element-align-end .elementor-divider__element{margin-inline-end:0}.elementor-widget-divider:not(.elementor-widget-divider--view-line_text):not(.elementor-widget-divider--view-line_icon) .elementor-divider-separator{border-block-start:var(--divider-border-width) var(--divider-border-style) var(--divider-color)}.elementor-widget-divider--separator-type-pattern{--divider-border-style:none}.elementor-widget-divider--separator-type-pattern.elementor-widget-divider--view-line .elementor-divider-separator,.elementor-widget-divider--separator-type-pattern:not(.elementor-widget-divider--view-line) .elementor-divider-separator:after,.elementor-widget-divider--separator-type-pattern:not(.elementor-widget-divider--view-line) .elementor-divider-separator:before,.elementor-widget-divider--separator-type-pattern:not([class*=elementor-widget-divider--view]) .elementor-divider-separator{width:100%;min-height:var(--divider-pattern-height);-webkit-mask-size:var(--divider-pattern-size) 100%;mask-size:var(--divider-pattern-size) 100%;-webkit-mask-repeat:var(--divider-pattern-repeat);mask-repeat:var(--divider-pattern-repeat);background-color:var(--divider-color);-webkit-mask-image:var(--divider-pattern-url);mask-image:var(--divider-pattern-url)}.elementor-widget-divider--no-spacing{--divider-pattern-size:auto}.elementor-widget-divider--bg-round{--divider-pattern-repeat:round}.rtl .elementor-widget-divider .elementor-divider__text{direction:rtl}.e-con-inner>.elementor-widget-divider,.e-con>.elementor-widget-divider{width:var(--container-widget-width,100%);--flex-grow:var(--container-widget-flex-grow)}<\/style>\t\t<div class=\"elementor-divider\">\n\t\t\t<span class=\"elementor-divider-separator\">\n\t\t\t\t\t\t<\/span>\n\t\t<\/div>\n\t\t\t\t<\/div>\n\t\t\t\t<\/div>\n\t\t\t\t\t<\/div>\n\t\t\t\t<\/div>\n\t\t\t\t<\/div>\n\t\t","protected":false},"excerpt":{"rendered":"<p>Die Pakistanische Botschaft brachte die Himalaya nach Deutschland, indem sie die Virtual-Reality-L\u00f6sung von Digital Munich nutzte und so den Tourismus im Land f\u00f6rderte. Pakistan ist die Heimat vieler Natursch\u00f6nheiten, darunter die atemberaubenden Himalaya und das Karakorum-Gebirge. Diese Naturwunder geh\u00f6ren zu den beeindruckendsten der Erde, sind jedoch unbewegliche G\u00fcter, die nur diejenigen, die nach Pakistan reisen [&hellip;]<\/p>\n","protected":false},"author":1,"featured_media":0,"parent":381,"menu_order":0,"comment_status":"closed","ping_status":"closed","template":"","meta":{"ub_ctt_via":"","footnotes":""},"class_list":["post-383","page","type-page","status-publish","hentry"],"featured_image_src":null,"yoast_head":"<!-- This site is optimized with the Yoast SEO plugin v23.3 - https:\/\/yoast.com\/wordpress\/plugins\/seo\/ -->\n<title>Himalaya-Panorama - Digital Munich<\/title>\n<meta name=\"robots\" content=\"index, follow, max-snippet:-1, max-image-preview:large, max-video-preview:-1\" \/>\n<link rel=\"canonical\" href=\"https:\/\/digitalmunich.com\/de\/dienstleistungen\/mixed-reality-loesungen\/himalaya-panorama\/\" \/>\n<meta property=\"og:locale\" content=\"de_DE\" \/>\n<meta property=\"og:type\" content=\"article\" \/>\n<meta property=\"og:title\" content=\"Himalaya-Panorama - Digital Munich\" \/>\n<meta property=\"og:description\" content=\"Die Pakistanische Botschaft brachte die Himalaya nach Deutschland, indem sie die Virtual-Reality-L\u00f6sung von Digital Munich nutzte und so den Tourismus im Land f\u00f6rderte. Pakistan ist die Heimat vieler Natursch\u00f6nheiten, darunter die atemberaubenden Himalaya und das Karakorum-Gebirge. Diese Naturwunder geh\u00f6ren zu den beeindruckendsten der Erde, sind jedoch unbewegliche G\u00fcter, die nur diejenigen, die nach Pakistan reisen [&hellip;]\" \/>\n<meta property=\"og:url\" content=\"https:\/\/digitalmunich.com\/de\/dienstleistungen\/mixed-reality-loesungen\/himalaya-panorama\/\" \/>\n<meta property=\"og:site_name\" content=\"Digital Munich\" \/>\n<meta property=\"article:modified_time\" content=\"2024-09-04T08:20:41+00:00\" \/>\n<meta property=\"og:image\" content=\"https:\/\/digitalmunich.com\/wp-content\/uploads\/2024\/08\/virtual-reality-fitness-game-himalayas-copyright-scaled.webp\" \/>\n<meta name=\"twitter:card\" content=\"summary_large_image\" \/>\n<meta name=\"twitter:label1\" content=\"Gesch\u00e4tzte Lesezeit\" \/>\n\t<meta name=\"twitter:data1\" content=\"2\u00a0Minuten\" \/>\n<script type=\"application\/ld+json\" class=\"yoast-schema-graph\">{\"@context\":\"https:\/\/schema.org\",\"@graph\":[{\"@type\":\"WebPage\",\"@id\":\"https:\/\/digitalmunich.com\/de\/dienstleistungen\/mixed-reality-loesungen\/himalaya-panorama\/\",\"url\":\"https:\/\/digitalmunich.com\/de\/dienstleistungen\/mixed-reality-loesungen\/himalaya-panorama\/\",\"name\":\"Himalaya-Panorama - Digital Munich\",\"isPartOf\":{\"@id\":\"https:\/\/digitalmunich.com\/de\/#website\"},\"primaryImageOfPage\":{\"@id\":\"https:\/\/digitalmunich.com\/de\/dienstleistungen\/mixed-reality-loesungen\/himalaya-panorama\/#primaryimage\"},\"image\":{\"@id\":\"https:\/\/digitalmunich.com\/de\/dienstleistungen\/mixed-reality-loesungen\/himalaya-panorama\/#primaryimage\"},\"thumbnailUrl\":\"https:\/\/digitalmunich.com\/wp-content\/uploads\/2024\/08\/virtual-reality-fitness-game-himalayas-copyright-scaled.webp\",\"datePublished\":\"2024-07-30T14:25:16+00:00\",\"dateModified\":\"2024-09-04T08:20:41+00:00\",\"breadcrumb\":{\"@id\":\"https:\/\/digitalmunich.com\/de\/dienstleistungen\/mixed-reality-loesungen\/himalaya-panorama\/#breadcrumb\"},\"inLanguage\":\"de\",\"potentialAction\":[{\"@type\":\"ReadAction\",\"target\":[\"https:\/\/digitalmunich.com\/de\/dienstleistungen\/mixed-reality-loesungen\/himalaya-panorama\/\"]}]},{\"@type\":\"ImageObject\",\"inLanguage\":\"de\",\"@id\":\"https:\/\/digitalmunich.com\/de\/dienstleistungen\/mixed-reality-loesungen\/himalaya-panorama\/#primaryimage\",\"url\":\"https:\/\/digitalmunich.com\/wp-content\/uploads\/2024\/08\/virtual-reality-fitness-game-himalayas-copyright-scaled.webp\",\"contentUrl\":\"https:\/\/digitalmunich.com\/wp-content\/uploads\/2024\/08\/virtual-reality-fitness-game-himalayas-copyright-scaled.webp\"},{\"@type\":\"BreadcrumbList\",\"@id\":\"https:\/\/digitalmunich.com\/de\/dienstleistungen\/mixed-reality-loesungen\/himalaya-panorama\/#breadcrumb\",\"itemListElement\":[{\"@type\":\"ListItem\",\"position\":1,\"name\":\"Home\",\"item\":\"https:\/\/digitalmunich.com\/de\/\"},{\"@type\":\"ListItem\",\"position\":2,\"name\":\"Dienstleistungen\",\"item\":\"https:\/\/digitalmunich.com\/de\/dienstleistungen\/\"},{\"@type\":\"ListItem\",\"position\":3,\"name\":\"Mixed-Reality-L\u00f6sungen\",\"item\":\"https:\/\/digitalmunich.com\/de\/services\/mixed-reality-solutions\/\"},{\"@type\":\"ListItem\",\"position\":4,\"name\":\"Himalaya-Panorama\"}]},{\"@type\":\"WebSite\",\"@id\":\"https:\/\/digitalmunich.com\/de\/#website\",\"url\":\"https:\/\/digitalmunich.com\/de\/\",\"name\":\"Digital Munich\",\"description\":\"\",\"publisher\":{\"@id\":\"https:\/\/digitalmunich.com\/de\/#organization\"},\"potentialAction\":[{\"@type\":\"SearchAction\",\"target\":{\"@type\":\"EntryPoint\",\"urlTemplate\":\"https:\/\/digitalmunich.com\/de\/?s={search_term_string}\"},\"query-input\":\"required name=search_term_string\"}],\"inLanguage\":\"de\"},{\"@type\":\"Organization\",\"@id\":\"https:\/\/digitalmunich.com\/de\/#organization\",\"name\":\"Digital Munich\",\"url\":\"https:\/\/digitalmunich.com\/de\/\",\"logo\":{\"@type\":\"ImageObject\",\"inLanguage\":\"de\",\"@id\":\"https:\/\/digitalmunich.com\/de\/#\/schema\/logo\/image\/\",\"url\":\"https:\/\/digitalmunich.com\/wp-content\/uploads\/2024\/07\/logo-dmt.png\",\"contentUrl\":\"https:\/\/digitalmunich.com\/wp-content\/uploads\/2024\/07\/logo-dmt.png\",\"width\":2191,\"height\":632,\"caption\":\"Digital Munich\"},\"image\":{\"@id\":\"https:\/\/digitalmunich.com\/de\/#\/schema\/logo\/image\/\"}}]}<\/script>\n<!-- \/ Yoast SEO plugin. -->","yoast_head_json":{"title":"Himalaya-Panorama - Digital Munich","robots":{"index":"index","follow":"follow","max-snippet":"max-snippet:-1","max-image-preview":"max-image-preview:large","max-video-preview":"max-video-preview:-1"},"canonical":"https:\/\/digitalmunich.com\/de\/dienstleistungen\/mixed-reality-loesungen\/himalaya-panorama\/","og_locale":"de_DE","og_type":"article","og_title":"Himalaya-Panorama - Digital Munich","og_description":"Die Pakistanische Botschaft brachte die Himalaya nach Deutschland, indem sie die Virtual-Reality-L\u00f6sung von Digital Munich nutzte und so den Tourismus im Land f\u00f6rderte. Pakistan ist die Heimat vieler Natursch\u00f6nheiten, darunter die atemberaubenden Himalaya und das Karakorum-Gebirge. Diese Naturwunder geh\u00f6ren zu den beeindruckendsten der Erde, sind jedoch unbewegliche G\u00fcter, die nur diejenigen, die nach Pakistan reisen [&hellip;]","og_url":"https:\/\/digitalmunich.com\/de\/dienstleistungen\/mixed-reality-loesungen\/himalaya-panorama\/","og_site_name":"Digital Munich","article_modified_time":"2024-09-04T08:20:41+00:00","og_image":[{"url":"https:\/\/digitalmunich.com\/wp-content\/uploads\/2024\/08\/virtual-reality-fitness-game-himalayas-copyright-scaled.webp"}],"twitter_card":"summary_large_image","twitter_misc":{"Gesch\u00e4tzte Lesezeit":"2\u00a0Minuten"},"schema":{"@context":"https:\/\/schema.org","@graph":[{"@type":"WebPage","@id":"https:\/\/digitalmunich.com\/de\/dienstleistungen\/mixed-reality-loesungen\/himalaya-panorama\/","url":"https:\/\/digitalmunich.com\/de\/dienstleistungen\/mixed-reality-loesungen\/himalaya-panorama\/","name":"Himalaya-Panorama - Digital Munich","isPartOf":{"@id":"https:\/\/digitalmunich.com\/de\/#website"},"primaryImageOfPage":{"@id":"https:\/\/digitalmunich.com\/de\/dienstleistungen\/mixed-reality-loesungen\/himalaya-panorama\/#primaryimage"},"image":{"@id":"https:\/\/digitalmunich.com\/de\/dienstleistungen\/mixed-reality-loesungen\/himalaya-panorama\/#primaryimage"},"thumbnailUrl":"https:\/\/digitalmunich.com\/wp-content\/uploads\/2024\/08\/virtual-reality-fitness-game-himalayas-copyright-scaled.webp","datePublished":"2024-07-30T14:25:16+00:00","dateModified":"2024-09-04T08:20:41+00:00","breadcrumb":{"@id":"https:\/\/digitalmunich.com\/de\/dienstleistungen\/mixed-reality-loesungen\/himalaya-panorama\/#breadcrumb"},"inLanguage":"de","potentialAction":[{"@type":"ReadAction","target":["https:\/\/digitalmunich.com\/de\/dienstleistungen\/mixed-reality-loesungen\/himalaya-panorama\/"]}]},{"@type":"ImageObject","inLanguage":"de","@id":"https:\/\/digitalmunich.com\/de\/dienstleistungen\/mixed-reality-loesungen\/himalaya-panorama\/#primaryimage","url":"https:\/\/digitalmunich.com\/wp-content\/uploads\/2024\/08\/virtual-reality-fitness-game-himalayas-copyright-scaled.webp","contentUrl":"https:\/\/digitalmunich.com\/wp-content\/uploads\/2024\/08\/virtual-reality-fitness-game-himalayas-copyright-scaled.webp"},{"@type":"BreadcrumbList","@id":"https:\/\/digitalmunich.com\/de\/dienstleistungen\/mixed-reality-loesungen\/himalaya-panorama\/#breadcrumb","itemListElement":[{"@type":"ListItem","position":1,"name":"Home","item":"https:\/\/digitalmunich.com\/de\/"},{"@type":"ListItem","position":2,"name":"Dienstleistungen","item":"https:\/\/digitalmunich.com\/de\/dienstleistungen\/"},{"@type":"ListItem","position":3,"name":"Mixed-Reality-L\u00f6sungen","item":"https:\/\/digitalmunich.com\/de\/services\/mixed-reality-solutions\/"},{"@type":"ListItem","position":4,"name":"Himalaya-Panorama"}]},{"@type":"WebSite","@id":"https:\/\/digitalmunich.com\/de\/#website","url":"https:\/\/digitalmunich.com\/de\/","name":"Digital Munich","description":"","publisher":{"@id":"https:\/\/digitalmunich.com\/de\/#organization"},"potentialAction":[{"@type":"SearchAction","target":{"@type":"EntryPoint","urlTemplate":"https:\/\/digitalmunich.com\/de\/?s={search_term_string}"},"query-input":"required name=search_term_string"}],"inLanguage":"de"},{"@type":"Organization","@id":"https:\/\/digitalmunich.com\/de\/#organization","name":"Digital Munich","url":"https:\/\/digitalmunich.com\/de\/","logo":{"@type":"ImageObject","inLanguage":"de","@id":"https:\/\/digitalmunich.com\/de\/#\/schema\/logo\/image\/","url":"https:\/\/digitalmunich.com\/wp-content\/uploads\/2024\/07\/logo-dmt.png","contentUrl":"https:\/\/digitalmunich.com\/wp-content\/uploads\/2024\/07\/logo-dmt.png","width":2191,"height":632,"caption":"Digital Munich"},"image":{"@id":"https:\/\/digitalmunich.com\/de\/#\/schema\/logo\/image\/"}}]}},"_links":{"self":[{"href":"https:\/\/digitalmunich.com\/de\/wp-json\/wp\/v2\/pages\/383","targetHints":{"allow":["GET"]}}],"collection":[{"href":"https:\/\/digitalmunich.com\/de\/wp-json\/wp\/v2\/pages"}],"about":[{"href":"https:\/\/digitalmunich.com\/de\/wp-json\/wp\/v2\/types\/page"}],"author":[{"embeddable":true,"href":"https:\/\/digitalmunich.com\/de\/wp-json\/wp\/v2\/users\/1"}],"replies":[{"embeddable":true,"href":"https:\/\/digitalmunich.com\/de\/wp-json\/wp\/v2\/comments?post=383"}],"version-history":[{"count":0,"href":"https:\/\/digitalmunich.com\/de\/wp-json\/wp\/v2\/pages\/383\/revisions"}],"up":[{"embeddable":true,"href":"https:\/\/digitalmunich.com\/de\/wp-json\/wp\/v2\/pages\/381"}],"wp:attachment":[{"href":"https:\/\/digitalmunich.com\/de\/wp-json\/wp\/v2\/media?parent=383"}],"curies":[{"name":"wp","href":"https:\/\/api.w.org\/{rel}","templated":true}]}}